{"id":92,"date":"2022-10-08T07:37:39","date_gmt":"2022-10-08T07:37:39","guid":{"rendered":"https:\/\/crhi.com.br\/index.php\/about\/"},"modified":"2026-01-02T13:42:07","modified_gmt":"2026-01-02T13:42:07","slug":"quem-somos","status":"publish","type":"page","link":"https:\/\/crhi.com.br\/index.php\/quem-somos\/","title":{"rendered":"Quem Somos"},"content":{"rendered":"\t\t<div data-elementor-type=\"wp-page\" data-elementor-id=\"92\" class=\"elementor elementor-92\" data-elementor-post-type=\"page\">\n\t\t\t\t<div class=\"aux-parallax-section elementor-element elementor-element-09e188d e-flex e-con-boxed e-con e-parent\" data-id=\"09e188d\" data-element_type=\"container\" data-settings=\"{&quot;background_background&quot;:&quot;classic&quot;}\">\n\t\t\t\t\t<div class=\"e-con-inner\">\n\t\t<div class=\"elementor-element elementor-element-76914aa e-con-full e-flex e-con e-child\" data-id=\"76914aa\" data-element_type=\"container\">\n\t\t\t\t<div class=\"aux-scroll-anim elementor-element elementor-element-0bb346e elementor-absolute aux-shpe-type-circle elementor-widget elementor-widget-aux_simple_shape\" data-move-in=\"moveVertical\" data-move-out=\"moveVertical\" data-axis-x=\"-70\" data-axis-y=\"70\" data-rotate=\"90\" data-scale=\"1\" data-vp-top=\"0.5\" data-vp-bot=\"0.5\" data-el-top=\"0.2\" data-scroll-animation-off=\"0\" data-id=\"0bb346e\" data-element_type=\"widget\" data-settings=\"{&quot;_position&quot;:&quot;absolute&quot;}\" data-widget_type=\"aux_simple_shape.default\">\n\t\t\t\t<div class=\"elementor-widget-container\">\n\t\t\t\t\t    <div class=\"aux-widget-container aux-simple-shape-container\">\n        <div class=\"aux-widget-container-inner\">\n            <div class=\"aux-the-shape\"><\/div>\n        <\/div>\n    <\/div>\n    \t\t\t\t<\/div>\n\t\t\t\t<\/div>\n\t\t\t\t<div class=\"aux-scroll-anim elementor-element elementor-element-a2f9b3b elementor-absolute elementor-widget-mobile__width-inherit aux-shpe-type-circle elementor-widget elementor-widget-aux_simple_shape\" data-move-in=\"moveVertical\" data-move-out=\"moveVertical\" data-axis-x=\"-70\" data-axis-y=\"-70\" data-rotate=\"90\" data-scale=\"1\" data-vp-top=\"0.5\" data-vp-bot=\"0.5\" data-el-top=\"0.2\" data-scroll-animation-off=\"0\" data-id=\"a2f9b3b\" data-element_type=\"widget\" data-settings=\"{&quot;_position&quot;:&quot;absolute&quot;}\" data-widget_type=\"aux_simple_shape.default\">\n\t\t\t\t<div class=\"elementor-widget-container\">\n\t\t\t\t\t    <div class=\"aux-widget-container aux-simple-shape-container\">\n        <div class=\"aux-widget-container-inner\">\n            <div class=\"aux-the-shape\"><\/div>\n        <\/div>\n    <\/div>\n    \t\t\t\t<\/div>\n\t\t\t\t<\/div>\n\t\t\t\t<div class=\"elementor-element elementor-element-2eea5b0 aux-appear-watch-animation aux-fade-in-custom elementor-widget elementor-widget-heading\" data-id=\"2eea5b0\" data-element_type=\"widget\" data-widget_type=\"heading.default\">\n\t\t\t\t<div class=\"elementor-widget-container\">\n\t\t\t\t\t<h2 class=\"elementor-heading-title elementor-size-default\">Quem Somos<\/h2>\t\t\t\t<\/div>\n\t\t\t\t<\/div>\n\t\t<div class=\"elementor-element elementor-element-ea8432c e-con-full e-flex e-con e-child\" data-id=\"ea8432c\" data-element_type=\"container\" data-settings=\"{&quot;background_background&quot;:&quot;classic&quot;}\">\n\t\t<div class=\"elementor-element elementor-element-a38898c e-con-full e-flex e-con e-child\" data-id=\"a38898c\" data-element_type=\"container\">\n\t\t\t\t<div class=\"elementor-element elementor-element-a4e7b9d aux-appear-watch-animation aux-fade-in-custom elementor-widget elementor-widget-heading\" data-id=\"a4e7b9d\" data-element_type=\"widget\" data-widget_type=\"heading.default\">\n\t\t\t\t<div class=\"elementor-widget-container\">\n\t\t\t\t\t<h2 class=\"elementor-heading-title elementor-size-default\">Criando ambientes saud\u00e1veis onde pessoas crescem e organiza\u00e7\u00f5es prosperam.<\/h2>\t\t\t\t<\/div>\n\t\t\t\t<\/div>\n\t\t\t\t<\/div>\n\t\t<div class=\"elementor-element elementor-element-b23cd36 e-con-full e-flex e-con e-child\" data-id=\"b23cd36\" data-element_type=\"container\">\n\t\t\t\t<div class=\"aux-scroll-anim elementor-element elementor-element-9a5c811 aux-shpe-type-circle elementor-widget elementor-widget-aux_simple_shape\" data-move-in=\"moveVertical\" data-move-out=\"moveVertical\" data-axis-x=\"-70\" data-axis-y=\"50\" data-rotate=\"90\" data-scale=\"1\" data-vp-top=\"0.5\" data-vp-bot=\"0.5\" data-el-top=\"0.2\" data-scroll-animation-off=\"0\" data-id=\"9a5c811\" data-element_type=\"widget\" data-widget_type=\"aux_simple_shape.default\">\n\t\t\t\t<div class=\"elementor-widget-container\">\n\t\t\t\t\t    <div class=\"aux-widget-container aux-simple-shape-container\">\n        <div class=\"aux-widget-container-inner\">\n            <div class=\"aux-the-shape\"><\/div>\n        <\/div>\n    <\/div>\n    \t\t\t\t<\/div>\n\t\t\t\t<\/div>\n\t\t\t\t<\/div>\n\t\t\t\t<\/div>\n\t\t\t\t<div class=\"elementor-element elementor-element-2c525e0 aux-appear-watch-animation aux-fade-in-custom elementor-widget elementor-widget-text-editor\" data-id=\"2c525e0\" data-element_type=\"widget\" data-widget_type=\"text-editor.default\">\n\t\t\t\t<div class=\"elementor-widget-container\">\n\t\t\t\t\t\t\t\t\t<p><strong>Prop\u00f3sito : <\/strong>Promover solu\u00e7\u00f5es de Recursos Humanos integradas, \u00e9ticas e humanizadas, apoiando empresas e pessoas em seu crescimento sustent\u00e1vel. Como duas mulheres e m\u00e3es que acreditam na for\u00e7a das rela\u00e7\u00f5es, entregamos servi\u00e7os que combinam t\u00e9cnica, sensibilidade e responsabilidade, construindo ambientes de trabalho mais justos, seguros e acolhedores. Nossa miss\u00e3o \u00e9 transformar culturas, desenvolver talentos e fortalecer neg\u00f3cios, com respeito, integridade e cuidado em cada processo.<\/p>\t\t\t\t\t\t\t\t<\/div>\n\t\t\t\t<\/div>\n\t\t\t\t<div class=\"aux-scroll-anim elementor-element elementor-element-bda7b01 elementor-widget__width-initial elementor-absolute elementor-widget elementor-widget-image\" data-move-in=\"rotateIn\" data-move-out=\"rotateIn\" data-axis-x=\"200\" data-axis-y=\"200\" data-rotate=\"10\" data-scale=\"1\" data-vp-top=\"0.5\" data-vp-bot=\"0.5\" data-el-top=\"0.2\" data-scroll-animation-off=\"0\" data-id=\"bda7b01\" data-element_type=\"widget\" data-settings=\"{&quot;_position&quot;:&quot;absolute&quot;}\" data-widget_type=\"image.default\">\n\t\t\t\t<div class=\"elementor-widget-container\">\n\t\t\t\t\t\t\t\t\t\t\t\t\t\t\t<img fetchpriority=\"high\" decoding=\"async\" width=\"1256\" height=\"1121\" src=\"https:\/\/crhi.com.br\/wp-content\/uploads\/2025\/12\/Design-sem-nome-17.png\" class=\"attachment-full size-full wp-image-475\" alt=\"\" srcset=\"https:\/\/crhi.com.br\/wp-content\/uploads\/2025\/12\/Design-sem-nome-17.png 1256w, https:\/\/crhi.com.br\/wp-content\/uploads\/2025\/12\/Design-sem-nome-17-200x179.png 200w\" sizes=\"(max-width: 1256px) 100vw, 1256px\" \/>\t\t\t\t\t\t\t\t\t\t\t\t\t\t\t<\/div>\n\t\t\t\t<\/div>\n\t\t\t\t<div class=\"aux-scroll-anim elementor-element elementor-element-97d74e0 aux-shpe-type-circle elementor-widget elementor-widget-aux_simple_shape\" data-move-in=\"moveVertical\" data-move-out=\"moveVertical\" data-axis-x=\"-70\" data-axis-y=\"-50\" data-rotate=\"90\" data-scale=\"1\" data-vp-top=\"0.5\" data-vp-bot=\"0.5\" data-el-top=\"0.2\" data-scroll-animation-off=\"0\" data-id=\"97d74e0\" data-element_type=\"widget\" data-widget_type=\"aux_simple_shape.default\">\n\t\t\t\t<div class=\"elementor-widget-container\">\n\t\t\t\t\t    <div class=\"aux-widget-container aux-simple-shape-container\">\n        <div class=\"aux-widget-container-inner\">\n            <div class=\"aux-the-shape\"><\/div>\n        <\/div>\n    <\/div>\n    \t\t\t\t<\/div>\n\t\t\t\t<\/div>\n\t\t\t\t<\/div>\n\t\t\t\t\t<\/div>\n\t\t\t\t<\/div>\n\t\t<div class=\"aux-parallax-section elementor-element elementor-element-fd515fa catiareinaldo e-flex e-con-boxed e-con e-parent\" data-id=\"fd515fa\" data-element_type=\"container\" id=\"catiareinaldo\" data-settings=\"{&quot;background_background&quot;:&quot;classic&quot;,&quot;shape_divider_top&quot;:&quot;split&quot;}\">\n\t\t\t\t\t<div class=\"e-con-inner\">\n\t\t\t\t<div class=\"elementor-shape elementor-shape-top\" aria-hidden=\"true\" data-negative=\"false\">\n\t\t\t<svg xmlns=\"http:\/\/www.w3.org\/2000\/svg\" viewBox=\"0 0 1000 20\" preserveAspectRatio=\"none\">\n\t<path class=\"elementor-shape-fill\" d=\"M0,0v3c0,0,393.8,0,483.4,0c9.2,0,16.6,7.4,16.6,16.6c0-9.1,7.4-16.6,16.6-16.6C606.2,3,1000,3,1000,3V0H0z\"\/>\n<\/svg>\t\t<\/div>\n\t\t<div class=\"elementor-element elementor-element-005ca4d e-flex e-con-boxed e-con e-child\" data-id=\"005ca4d\" data-element_type=\"container\">\n\t\t\t\t\t<div class=\"e-con-inner\">\n\t\t\t\t<div class=\"elementor-element elementor-element-bb205a8 elementor-widget__width-initial elementor-widget-mobile__width-inherit elementor-widget elementor-widget-aux_staff\" data-id=\"bb205a8\" data-element_type=\"widget\" data-widget_type=\"aux_staff.default\">\n\t\t\t\t<div class=\"elementor-widget-container\">\n\t\t\t\t\t<section class=\"aux-wrap-style-simple widget-container aux-widget-staff aux-parent-au81d51fd9\">    <div class=\"aux-staff-container aux-staff-pos-left aux-staff-text-left aux-staff-text-dark \" >\n            <div class=\"aux-staff-header aux-staff-img-rect\">\n            <div class=\"aux-media-image\"><img decoding=\"async\" width=\"98\" height=\"99\" src=\"https:\/\/crhi.com.br\/wp-content\/uploads\/2022\/09\/branding.svg\" class=\" aux-preload aux-has-preview\" alt=\"demo-attachment-110-branding\" data-ratio=\"1\" data-original-w=\"98\" data-src=\"https:\/\/crhi.com.br\/wp-content\/uploads\/2022\/09\/branding.svg\" \/><\/div>        <\/div>\n            <div class=\"aux-staff-content\">\n                        <h4 class=\"col-title\">C\u00e1tia Reinaldo<\/h4>\n                        <h5 class=\"col-subtitle\">Fundadora<\/h5>\n                        <div class=\"entry-content\">\n                                Gradua\u00e7\u00e3o em Ci\u00eancias Cont\u00e1beis, P\u00f3s em Psicologia Organizacional, MBA em Per\u00edcia Judicial e Extrajudicial.<br><br>\nNa pr\u00e1tica: Profissional com ampla experi\u00eancia em Departamento Pessoal, Recursos Humanos e gest\u00e3o em m\u00faltiplos segmentos, incluindo ind\u00fastria e com\u00e9rcio. <br><br>Tenho experi\u00eancia em \u00f3rg\u00e3o p\u00fablico, com foco em indicadores e processos de licita\u00e7\u00e3o, al\u00e9m de atuar como professora de Contabilidade.<br><br>\nMinha trajet\u00f3ria inclui forte atua\u00e7\u00e3o em LGPD, c\u00f3digo de \u00e9tica, inclus\u00e3o, gest\u00e3o financeira e cria\u00e7\u00e3o de pol\u00edticas que refor\u00e7am a Governan\u00e7a e a mitiga\u00e7\u00e3o de riscos. Trabalho com inova\u00e7\u00e3o e criatividade para desenvolver solu\u00e7\u00f5es que agreguem valor e promovam resultados sustent\u00e1veis, sempre alinhadas \u00e0 conformidade e \u00e0 cultura organizacional.\n\n            <\/div>\n                        <div class=\"aux-staff-footer aux-extra-large aux-horizontal\">\n                    <ul class=\"aux-social-list\">\n\n                                                                                    <li>\n                            <a class=\"twitter\" href=\"https:\/\/www.linkedin.com\/in\/catia-ribeiro-reinaldo-49531661\/\" target=\"_blank\" rel=\"noopener\"><span class=\"auxicon-twitter\"><\/span>\n                            <\/a>\n                        <\/li>\n                                                                                                                                                                                  <\/ul>\n           <\/div>\n                    <\/div>\n\n    <\/div>\n\n\n<\/section><!-- widget-container -->\t\t\t\t<\/div>\n\t\t\t\t<\/div>\n\t\t\t\t<div class=\"aux-scroll-anim elementor-element elementor-element-19e2353 elementor-absolute aux-shpe-type-circle elementor-widget elementor-widget-aux_simple_shape\" data-move-in=\"moveVertical\" data-move-out=\"moveVertical\" data-axis-x=\"-70\" data-axis-y=\"70\" data-rotate=\"90\" data-scale=\"1\" data-vp-top=\"0.5\" data-vp-bot=\"0.5\" data-el-top=\"0.2\" data-scroll-animation-off=\"0\" data-id=\"19e2353\" data-element_type=\"widget\" data-settings=\"{&quot;_position&quot;:&quot;absolute&quot;}\" data-widget_type=\"aux_simple_shape.default\">\n\t\t\t\t<div class=\"elementor-widget-container\">\n\t\t\t\t\t    <div class=\"aux-widget-container aux-simple-shape-container\">\n        <div class=\"aux-widget-container-inner\">\n            <div class=\"aux-the-shape\"><\/div>\n        <\/div>\n    <\/div>\n    \t\t\t\t<\/div>\n\t\t\t\t<\/div>\n\t\t\t\t<div class=\"aux-scroll-anim elementor-element elementor-element-f3f21c8 elementor-absolute aux-shpe-type-circle elementor-widget elementor-widget-aux_simple_shape\" data-move-in=\"moveVertical\" data-move-out=\"moveVertical\" data-axis-x=\"-70\" data-axis-y=\"-50\" data-rotate=\"90\" data-scale=\"1\" data-vp-top=\"0.5\" data-vp-bot=\"0.5\" data-el-top=\"0.2\" data-scroll-animation-off=\"0\" data-id=\"f3f21c8\" data-element_type=\"widget\" data-settings=\"{&quot;_position&quot;:&quot;absolute&quot;}\" data-widget_type=\"aux_simple_shape.default\">\n\t\t\t\t<div class=\"elementor-widget-container\">\n\t\t\t\t\t    <div class=\"aux-widget-container aux-simple-shape-container\">\n        <div class=\"aux-widget-container-inner\">\n            <div class=\"aux-the-shape\"><\/div>\n        <\/div>\n    <\/div>\n    \t\t\t\t<\/div>\n\t\t\t\t<\/div>\n\t\t\t\t\t<\/div>\n\t\t\t\t<\/div>\n\t\t<div class=\"elementor-element elementor-element-a57a7af renatapeixoto e-flex e-con-boxed e-con e-child\" data-id=\"a57a7af\" data-element_type=\"container\" id=\"renatapeixoto\">\n\t\t\t\t\t<div class=\"e-con-inner\">\n\t\t\t\t<div class=\"elementor-element elementor-element-b23f6c1 elementor-widget__width-initial elementor-widget-mobile__width-inherit elementor-widget elementor-widget-aux_staff\" data-id=\"b23f6c1\" data-element_type=\"widget\" data-widget_type=\"aux_staff.default\">\n\t\t\t\t<div class=\"elementor-widget-container\">\n\t\t\t\t\t<section class=\"aux-wrap-style-simple widget-container aux-widget-staff aux-parent-au45f0eeb7\">    <div class=\"aux-staff-container aux-staff-pos-left aux-staff-text-left aux-staff-text-dark \" >\n            <div class=\"aux-staff-header aux-staff-img-semi-circle\">\n            <div class=\"aux-media-image\"><img decoding=\"async\" width=\"98\" height=\"99\" src=\"https:\/\/crhi.com.br\/wp-content\/uploads\/2022\/10\/logo.svg\" class=\" aux-preload aux-has-preview\" alt=\"demo-attachment-409-logo\" data-ratio=\"0.99\" data-original-w=\"98\" data-src=\"https:\/\/crhi.com.br\/wp-content\/uploads\/2022\/10\/logo.svg\" \/><\/div>        <\/div>\n            <div class=\"aux-staff-content\">\n                        <h4 class=\"col-title\">Renata Peixoto<\/h4>\n                        <h5 class=\"col-subtitle\">Fundadora<\/h5>\n                        <div class=\"entry-content\">\n                                Gradua\u00e7\u00e3o em RH, m\u00faltiplas p\u00f3s-gradua\u00e7\u00f5es em Gest\u00e3o, Auditoria e Complience, ESG, Lideran\u00e7a, Inova\u00e7\u00e3o e Educa\u00e7\u00e3o Corporativa, al\u00e9m de MBA em Gest\u00e3o de Pessoas e certifica\u00e7\u00e3o como Analista Comportamental.<br><br>\nNa pr\u00e1tica: Com s\u00f3lida experi\u00eancia na \u00e1rea de Recursos Humanos e Departamento Pessoal, atuo de forma pr\u00e1tica e estrat\u00e9gica na gest\u00e3o de pessoas. Minha trajet\u00f3ria inclui participa\u00e7\u00e3o ativa em comit\u00eas de \u00e9tica, implanta\u00e7\u00e3o de boas pr\u00e1ticas de ESG, adequa\u00e7\u00e3o \u00e0 LGPD e cria\u00e7\u00e3o de pol\u00edticas de Governan\u00e7a, fundamentais para a mitiga\u00e7\u00e3o de riscos e a sustentabilidade das empresas.<br><br>\nAl\u00e9m disso, sou engajada em projetos sociais que fortalecem o pilar Social do ESG, promovendo desenvolvimento de pessoas e impacto positivo na comunidade. Minha atua\u00e7\u00e3o combina conhecimento t\u00e9cnico, vis\u00e3o humanizada e compromisso com pr\u00e1ticas \u00e9ticas e sustent\u00e1veis.\n\n            <\/div>\n                        <div class=\"aux-staff-footer aux-extra-large aux-horizontal\">\n                    <ul class=\"aux-social-list\">\n\n                                                                                    <li>\n                            <a class=\"twitter\" href=\"https:\/\/www.linkedin.com\/in\/renata-peixoto-de-abreu-b40610a5\/\" target=\"_blank\" rel=\"noopener\"><span class=\"auxicon-twitter\"><\/span>\n                            <\/a>\n                        <\/li>\n                                                                                                                                                                                  <\/ul>\n           <\/div>\n                    <\/div>\n\n    <\/div>\n\n\n<\/section><!-- widget-container -->\t\t\t\t<\/div>\n\t\t\t\t<\/div>\n\t\t\t\t<div class=\"aux-scroll-anim elementor-element elementor-element-5c171c4 elementor-absolute aux-shpe-type-circle elementor-widget elementor-widget-aux_simple_shape\" data-move-in=\"moveHorizontal\" data-move-out=\"moveHorizontal\" data-axis-x=\"40\" data-axis-y=\"200\" data-rotate=\"90\" data-scale=\"1\" data-vp-top=\"0.5\" data-vp-bot=\"0.5\" data-el-top=\"0.2\" data-scroll-animation-off=\"0\" data-id=\"5c171c4\" data-element_type=\"widget\" data-settings=\"{&quot;_position&quot;:&quot;absolute&quot;}\" data-widget_type=\"aux_simple_shape.default\">\n\t\t\t\t<div class=\"elementor-widget-container\">\n\t\t\t\t\t    <div class=\"aux-widget-container aux-simple-shape-container\">\n        <div class=\"aux-widget-container-inner\">\n            <div class=\"aux-the-shape\"><\/div>\n        <\/div>\n    <\/div>\n    \t\t\t\t<\/div>\n\t\t\t\t<\/div>\n\t\t\t\t\t<\/div>\n\t\t\t\t<\/div>\n\t\t\t\t\t<\/div>\n\t\t\t\t<\/div>\n\t\t\t\t<\/div>\n\t\t","protected":false},"excerpt":{"rendered":"<p>Quem Somos Criando ambientes saud\u00e1veis onde pessoas crescem e organiza\u00e7\u00f5es prosperam. Prop\u00f3sito : Promover solu\u00e7\u00f5es de Recursos Humanos integradas, \u00e9ticas e humanizadas, apoiando empresas e pessoas em seu crescimento sustent\u00e1vel. Como duas mulheres e m\u00e3es que acreditam na for\u00e7a das rela\u00e7\u00f5es, entregamos servi\u00e7os que combinam t\u00e9cnica, sensibilidade e responsabilidade, construindo ambientes de trabalho mais justos, [&hellip;]<\/p>\n","protected":false},"author":1,"featured_media":0,"parent":0,"menu_order":0,"comment_status":"closed","ping_status":"closed","template":"templates\/page-builder-content.php","meta":{"_joinchat":[],"footnotes":""},"class_list":["post-92","page","type-page","status-publish","hentry"],"_links":{"self":[{"href":"https:\/\/crhi.com.br\/index.php\/wp-json\/wp\/v2\/pages\/92","targetHints":{"allow":["GET"]}}],"collection":[{"href":"https:\/\/crhi.com.br\/index.php\/wp-json\/wp\/v2\/pages"}],"about":[{"href":"https:\/\/crhi.com.br\/index.php\/wp-json\/wp\/v2\/types\/page"}],"author":[{"embeddable":true,"href":"https:\/\/crhi.com.br\/index.php\/wp-json\/wp\/v2\/users\/1"}],"replies":[{"embeddable":true,"href":"https:\/\/crhi.com.br\/index.php\/wp-json\/wp\/v2\/comments?post=92"}],"version-history":[{"count":169,"href":"https:\/\/crhi.com.br\/index.php\/wp-json\/wp\/v2\/pages\/92\/revisions"}],"predecessor-version":[{"id":892,"href":"https:\/\/crhi.com.br\/index.php\/wp-json\/wp\/v2\/pages\/92\/revisions\/892"}],"wp:attachment":[{"href":"https:\/\/crhi.com.br\/index.php\/wp-json\/wp\/v2\/media?parent=92"}],"curies":[{"name":"wp","href":"https:\/\/api.w.org\/{rel}","templated":true}]}}