{"id":94,"date":"2022-10-04T12:59:52","date_gmt":"2022-10-04T12:59:52","guid":{"rendered":"https:\/\/crhi.com.br\/index.php\/projects\/"},"modified":"2026-01-02T14:56:16","modified_gmt":"2026-01-02T14:56:16","slug":"proposito-visao-e-valores","status":"publish","type":"page","link":"https:\/\/crhi.com.br\/index.php\/proposito-visao-e-valores\/","title":{"rendered":"Prop\u00f3sito, Vis\u00e3o e Valores"},"content":{"rendered":"\t\t<div data-elementor-type=\"wp-page\" data-elementor-id=\"94\" class=\"elementor elementor-94\" data-elementor-post-type=\"page\">\n\t\t\t\t<div class=\"aux-parallax-section elementor-element elementor-element-d76dea5 e-flex e-con-boxed e-con e-parent\" data-id=\"d76dea5\" data-element_type=\"container\">\n\t\t\t\t\t<div class=\"e-con-inner\">\n\t\t<div class=\"elementor-element elementor-element-8f3d71d e-con-full e-flex e-con e-child\" data-id=\"8f3d71d\" data-element_type=\"container\">\n\t\t\t\t<div class=\"aux-scroll-anim elementor-element elementor-element-a407eff aux-appear-watch-animation aux-fade-in elementor-widget elementor-widget-image\" data-move-in=\"\" data-move-out=\"moveHorizontal\" data-axis-x=\"40\" data-axis-y=\"40\" data-rotate=\"90\" data-scale=\"1\" data-vp-top=\"0.5\" data-vp-bot=\"0.5\" data-el-top=\"0.2\" data-scroll-animation-off=\"0\" data-id=\"a407eff\" data-element_type=\"widget\" data-widget_type=\"image.default\">\n\t\t\t\t<div class=\"elementor-widget-container\">\n\t\t\t\t\t\t\t\t\t\t\t\t\t\t\t<img fetchpriority=\"high\" decoding=\"async\" width=\"374\" height=\"168\" src=\"https:\/\/crhi.com.br\/wp-content\/uploads\/2022\/10\/Group-176.png\" class=\"attachment-large size-large wp-image-28\" alt=\"\" \/>\t\t\t\t\t\t\t\t\t\t\t\t\t\t\t<\/div>\n\t\t\t\t<\/div>\n\t\t\t\t<\/div>\n\t\t<div class=\"elementor-element elementor-element-34c0463 e-con-full e-flex e-con e-child\" data-id=\"34c0463\" data-element_type=\"container\">\n\t\t\t\t<div class=\"aux-scroll-anim elementor-element elementor-element-5d510e0 aux-shpe-type-circle elementor-widget elementor-widget-aux_simple_shape\" data-move-in=\"moveVertical\" data-move-out=\"moveVertical\" data-axis-x=\"-70\" data-axis-y=\"30\" data-rotate=\"90\" data-scale=\"1\" data-vp-top=\"0.5\" data-vp-bot=\"0.5\" data-el-top=\"0.2\" data-scroll-animation-off=\"0\" data-id=\"5d510e0\" data-element_type=\"widget\" data-widget_type=\"aux_simple_shape.default\">\n\t\t\t\t<div class=\"elementor-widget-container\">\n\t\t\t\t\t    <div class=\"aux-widget-container aux-simple-shape-container\">\n        <div class=\"aux-widget-container-inner\">\n            <div class=\"aux-the-shape\"><\/div>\n        <\/div>\n    <\/div>\n    \t\t\t\t<\/div>\n\t\t\t\t<\/div>\n\t\t\t\t<\/div>\n\t\t<div class=\"elementor-element elementor-element-166c554 e-con-full e-flex e-con e-child\" data-id=\"166c554\" data-element_type=\"container\">\n\t\t\t\t<div class=\"aux-scroll-anim elementor-element elementor-element-49329e0 aux-shpe-type-circle elementor-widget elementor-widget-aux_simple_shape\" data-move-in=\"moveVertical\" data-move-out=\"moveVertical\" data-axis-x=\"-70\" data-axis-y=\"-50\" data-rotate=\"90\" data-scale=\"1\" data-vp-top=\"0.5\" data-vp-bot=\"0.5\" data-el-top=\"0.2\" data-scroll-animation-off=\"0\" data-id=\"49329e0\" data-element_type=\"widget\" data-widget_type=\"aux_simple_shape.default\">\n\t\t\t\t<div class=\"elementor-widget-container\">\n\t\t\t\t\t    <div class=\"aux-widget-container aux-simple-shape-container\">\n        <div class=\"aux-widget-container-inner\">\n            <div class=\"aux-the-shape\"><\/div>\n        <\/div>\n    <\/div>\n    \t\t\t\t<\/div>\n\t\t\t\t<\/div>\n\t\t\t\t<\/div>\n\t\t<div class=\"elementor-element elementor-element-77584c5 e-con-full e-flex e-con e-child\" data-id=\"77584c5\" data-element_type=\"container\">\n\t\t\t\t<div class=\"aux-scroll-anim elementor-element elementor-element-ec9013a aux-appear-watch-animation aux-fade-in elementor-widget elementor-widget-image\" data-move-in=\"\" data-move-out=\"moveHorizontal\" data-axis-x=\"-40\" data-axis-y=\"-40\" data-rotate=\"90\" data-scale=\"1\" data-vp-top=\"0.5\" data-vp-bot=\"0.5\" data-el-top=\"0.2\" data-scroll-animation-off=\"0\" data-id=\"ec9013a\" data-element_type=\"widget\" data-widget_type=\"image.default\">\n\t\t\t\t<div class=\"elementor-widget-container\">\n\t\t\t\t\t\t\t\t\t\t\t\t\t\t\t<img decoding=\"async\" width=\"455\" height=\"166\" src=\"https:\/\/crhi.com.br\/wp-content\/uploads\/2022\/10\/Group-174-1.png\" class=\"attachment-large size-large wp-image-29\" alt=\"\" \/>\t\t\t\t\t\t\t\t\t\t\t\t\t\t\t<\/div>\n\t\t\t\t<\/div>\n\t\t\t\t<\/div>\n\t\t\t\t\t<\/div>\n\t\t\t\t<\/div>\n\t\t<div class=\"aux-parallax-section elementor-element elementor-element-d7e6ec9 e-flex e-con-boxed e-con e-parent\" data-id=\"d7e6ec9\" data-element_type=\"container\">\n\t\t\t\t\t<div class=\"e-con-inner\">\n\t\t<div class=\"elementor-element elementor-element-fa98f38 e-con-full e-flex e-con e-child\" data-id=\"fa98f38\" data-element_type=\"container\">\n\t\t\t\t<div class=\"elementor-element elementor-element-5d0ddee aux-appear-watch-animation aux-fade-in-custom elementor-widget elementor-widget-heading\" data-id=\"5d0ddee\" data-element_type=\"widget\" data-widget_type=\"heading.default\">\n\t\t\t\t<div class=\"elementor-widget-container\">\n\t\t\t\t\t<h2 class=\"elementor-heading-title elementor-size-default\">Prop\u00f3sito, Vis\u00e3o e Valores<\/h2>\t\t\t\t<\/div>\n\t\t\t\t<\/div>\n\t\t\t\t<div class=\"elementor-element elementor-element-184d9c4 aux-appear-watch-animation aux-fade-in-custom elementor-widget elementor-widget-heading\" data-id=\"184d9c4\" data-element_type=\"widget\" data-widget_type=\"heading.default\">\n\t\t\t\t<div class=\"elementor-widget-container\">\n\t\t\t\t\t<h2 class=\"elementor-heading-title elementor-size-default\">Criando ambientes saud\u00e1veis onde pessoas crescem e organiza\u00e7\u00f5es prosperam.<\/h2>\t\t\t\t<\/div>\n\t\t\t\t<\/div>\n\t\t\t\t<\/div>\n\t\t<div class=\"elementor-element elementor-element-eb106c9 e-con-full e-flex e-con e-child\" data-id=\"eb106c9\" data-element_type=\"container\">\n\t\t\t\t<div class=\"aux-scroll-anim elementor-element elementor-element-cc41b2f elementor-absolute aux-shpe-type-circle elementor-widget elementor-widget-aux_simple_shape\" data-move-in=\"moveVertical\" data-move-out=\"moveVertical\" data-axis-x=\"-70\" data-axis-y=\"-70\" data-rotate=\"90\" data-scale=\"1\" data-vp-top=\"0.5\" data-vp-bot=\"0.5\" data-el-top=\"0.2\" data-scroll-animation-off=\"0\" data-id=\"cc41b2f\" data-element_type=\"widget\" data-settings=\"{&quot;_position&quot;:&quot;absolute&quot;}\" data-widget_type=\"aux_simple_shape.default\">\n\t\t\t\t<div class=\"elementor-widget-container\">\n\t\t\t\t\t    <div class=\"aux-widget-container aux-simple-shape-container\">\n        <div class=\"aux-widget-container-inner\">\n            <div class=\"aux-the-shape\"><\/div>\n        <\/div>\n    <\/div>\n    \t\t\t\t<\/div>\n\t\t\t\t<\/div>\n\t\t\t\t<\/div>\n\t\t<div class=\"elementor-element elementor-element-f4eccfa e-con-full e-flex e-con e-child\" data-id=\"f4eccfa\" data-element_type=\"container\">\n\t\t\t\t<div class=\"aux-scroll-anim elementor-element elementor-element-a3f02f3 aux-appear-watch-animation aux-fade-in elementor-widget elementor-widget-image\" data-move-in=\"\" data-move-out=\"moveHorizontal\" data-axis-x=\"40\" data-axis-y=\"40\" data-rotate=\"90\" data-scale=\"1\" data-vp-top=\"0.5\" data-vp-bot=\"0.5\" data-el-top=\"0.2\" data-scroll-animation-off=\"0\" data-id=\"a3f02f3\" data-element_type=\"widget\" data-widget_type=\"image.default\">\n\t\t\t\t<div class=\"elementor-widget-container\">\n\t\t\t\t\t\t\t\t\t\t\t\t\t\t\t<img decoding=\"async\" width=\"472\" height=\"168\" src=\"https:\/\/crhi.com.br\/wp-content\/uploads\/2022\/10\/Group-175.png\" class=\"attachment-large size-large wp-image-27\" alt=\"\" \/>\t\t\t\t\t\t\t\t\t\t\t\t\t\t\t<\/div>\n\t\t\t\t<\/div>\n\t\t\t\t<\/div>\n\t\t\t\t\t<\/div>\n\t\t\t\t<\/div>\n\t\t<div class=\"aux-parallax-section elementor-element elementor-element-41c40e3 e-flex e-con-boxed e-con e-parent\" data-id=\"41c40e3\" data-element_type=\"container\">\n\t\t\t\t\t<div class=\"e-con-inner\">\n\t\t<div class=\"elementor-element elementor-element-ae93de2 e-con-full e-flex e-con e-child\" data-id=\"ae93de2\" data-element_type=\"container\">\n\t\t\t\t<div class=\"aux-scroll-anim elementor-element elementor-element-83d87ad aux-appear-watch-animation aux-fade-in elementor-widget elementor-widget-image\" data-move-in=\"\" data-move-out=\"moveHorizontal\" data-axis-x=\"40\" data-axis-y=\"40\" data-rotate=\"90\" data-scale=\"1\" data-vp-top=\"0.5\" data-vp-bot=\"0.5\" data-el-top=\"0.2\" data-scroll-animation-off=\"0\" data-id=\"83d87ad\" data-element_type=\"widget\" data-widget_type=\"image.default\">\n\t\t\t\t<div class=\"elementor-widget-container\">\n\t\t\t\t\t\t\t\t\t\t\t\t\t\t\t<img loading=\"lazy\" decoding=\"async\" width=\"370\" height=\"167\" src=\"https:\/\/crhi.com.br\/wp-content\/uploads\/2022\/10\/Group-177.png\" class=\"attachment-full size-full wp-image-26\" alt=\"\" \/>\t\t\t\t\t\t\t\t\t\t\t\t\t\t\t<\/div>\n\t\t\t\t<\/div>\n\t\t\t\t<\/div>\n\t\t<div class=\"elementor-element elementor-element-9952651 e-con-full e-flex e-con e-child\" data-id=\"9952651\" data-element_type=\"container\">\n\t\t\t\t<div class=\"aux-scroll-anim elementor-element elementor-element-1329523 aux-shpe-type-circle elementor-widget elementor-widget-aux_simple_shape\" data-move-in=\"moveVertical\" data-move-out=\"moveVertical\" data-axis-x=\"-70\" data-axis-y=\"70\" data-rotate=\"90\" data-scale=\"1\" data-vp-top=\"0.5\" data-vp-bot=\"0.5\" data-el-top=\"0.2\" data-scroll-animation-off=\"0\" data-id=\"1329523\" data-element_type=\"widget\" data-widget_type=\"aux_simple_shape.default\">\n\t\t\t\t<div class=\"elementor-widget-container\">\n\t\t\t\t\t    <div class=\"aux-widget-container aux-simple-shape-container\">\n        <div class=\"aux-widget-container-inner\">\n            <div class=\"aux-the-shape\"><\/div>\n        <\/div>\n    <\/div>\n    \t\t\t\t<\/div>\n\t\t\t\t<\/div>\n\t\t\t\t<\/div>\n\t\t<div class=\"elementor-element elementor-element-62e53bd e-con-full e-flex e-con e-child\" data-id=\"62e53bd\" data-element_type=\"container\">\n\t\t\t\t<div class=\"aux-scroll-anim elementor-element elementor-element-a4cab5a aux-appear-watch-animation aux-fade-in elementor-widget elementor-widget-image\" data-move-in=\"\" data-move-out=\"moveHorizontal\" data-axis-x=\"-40\" data-axis-y=\"-40\" data-rotate=\"90\" data-scale=\"1\" data-vp-top=\"0.5\" data-vp-bot=\"0.5\" data-el-top=\"0.2\" data-scroll-animation-off=\"0\" data-id=\"a4cab5a\" data-element_type=\"widget\" data-widget_type=\"image.default\">\n\t\t\t\t<div class=\"elementor-widget-container\">\n\t\t\t\t\t\t\t\t\t\t\t\t\t\t\t<img loading=\"lazy\" decoding=\"async\" width=\"374\" height=\"168\" src=\"https:\/\/crhi.com.br\/wp-content\/uploads\/2025\/12\/Design-sem-nome-16.png\" class=\"attachment-full size-full wp-image-631\" alt=\"\" srcset=\"https:\/\/crhi.com.br\/wp-content\/uploads\/2025\/12\/Design-sem-nome-16.png 374w, https:\/\/crhi.com.br\/wp-content\/uploads\/2025\/12\/Design-sem-nome-16-200x90.png 200w\" sizes=\"(max-width: 374px) 100vw, 374px\" \/>\t\t\t\t\t\t\t\t\t\t\t\t\t\t\t<\/div>\n\t\t\t\t<\/div>\n\t\t\t\t<\/div>\n\t\t\t\t\t<\/div>\n\t\t\t\t<\/div>\n\t\t<div class=\"aux-parallax-section elementor-element elementor-element-6bb72b2 e-flex e-con-boxed e-con e-parent\" data-id=\"6bb72b2\" data-element_type=\"container\" data-settings=\"{&quot;background_background&quot;:&quot;classic&quot;,&quot;shape_divider_top&quot;:&quot;split&quot;}\">\n\t\t\t\t\t<div class=\"e-con-inner\">\n\t\t\t\t<div class=\"elementor-shape elementor-shape-top\" aria-hidden=\"true\" data-negative=\"false\">\n\t\t\t<svg xmlns=\"http:\/\/www.w3.org\/2000\/svg\" viewBox=\"0 0 1000 20\" preserveAspectRatio=\"none\">\n\t<path class=\"elementor-shape-fill\" d=\"M0,0v3c0,0,393.8,0,483.4,0c9.2,0,16.6,7.4,16.6,16.6c0-9.1,7.4-16.6,16.6-16.6C606.2,3,1000,3,1000,3V0H0z\"\/>\n<\/svg>\t\t<\/div>\n\t\t<div class=\"elementor-element elementor-element-af59444 e-con-full e-flex e-con e-child\" data-id=\"af59444\" data-element_type=\"container\">\n\t\t\t\t<div class=\"aux-scroll-anim elementor-element elementor-element-6d14167 elementor-widget elementor-widget-image\" data-move-in=\"moveHorizontal\" data-move-out=\"\" data-axis-x=\"300\" data-axis-y=\"200\" data-rotate=\"90\" data-scale=\"1.2\" data-vp-top=\"0.5\" data-vp-bot=\"0.5\" data-el-top=\"0.2\" data-scroll-animation-off=\"0\" data-id=\"6d14167\" data-element_type=\"widget\" data-widget_type=\"image.default\">\n\t\t\t\t<div class=\"elementor-widget-container\">\n\t\t\t\t\t\t\t\t\t\t\t\t\t\t\t<img loading=\"lazy\" decoding=\"async\" width=\"98\" height=\"99\" src=\"https:\/\/crhi.com.br\/wp-content\/uploads\/2022\/09\/branding.svg\" class=\"attachment-large size-large wp-image-77\" alt=\"\" \/>\t\t\t\t\t\t\t\t\t\t\t\t\t\t\t<\/div>\n\t\t\t\t<\/div>\n\t\t\t\t<\/div>\n\t\t<div class=\"elementor-element elementor-element-826d3b6 e-con-full e-flex e-con e-child\" data-id=\"826d3b6\" data-element_type=\"container\">\n\t\t\t\t<div class=\"elementor-element elementor-element-c86ccda aux-appear-watch-animation aux-fade-in-custom elementor-widget elementor-widget-text-editor\" data-id=\"c86ccda\" data-element_type=\"widget\" data-widget_type=\"text-editor.default\">\n\t\t\t\t<div class=\"elementor-widget-container\">\n\t\t\t\t\t\t\t\t\t<p>Promover solu\u00e7\u00f5es de Recursos Humanos integradas, \u00e9ticas e humanizadas, apoiando empresas e pessoas em seu crescimento sustent\u00e1vel. Como duas mulheres e m\u00e3es que acreditam na for\u00e7a das rela\u00e7\u00f5es, entregamos servi\u00e7os que combinam t\u00e9cnica, sensibilidade e responsabilidade, construindo ambientes de trabalho mais justos, seguros e acolhedores. Nossa miss\u00e3o \u00e9 transformar culturas, desenvolver talentos e fortalecer neg\u00f3cios, com respeito, integridade e cuidado em cada processo.<\/p>\t\t\t\t\t\t\t\t<\/div>\n\t\t\t\t<\/div>\n\t\t\t\t<div class=\"elementor-element elementor-element-1196a36 aux-appear-watch-animation aux-fade-in-custom elementor-widget elementor-widget-heading\" data-id=\"1196a36\" data-element_type=\"widget\" data-widget_type=\"heading.default\">\n\t\t\t\t<div class=\"elementor-widget-container\">\n\t\t\t\t\t<h2 class=\"elementor-heading-title elementor-size-default\">Prop\u00f3sito<\/h2>\t\t\t\t<\/div>\n\t\t\t\t<\/div>\n\t\t\t\t<\/div>\n\t\t\t\t\t<\/div>\n\t\t\t\t<\/div>\n\t\t<div class=\"aux-parallax-section elementor-element elementor-element-554b0ee e-flex e-con-boxed e-con e-parent\" data-id=\"554b0ee\" data-element_type=\"container\" data-settings=\"{&quot;shape_divider_top&quot;:&quot;split&quot;}\">\n\t\t\t\t\t<div class=\"e-con-inner\">\n\t\t\t\t<div class=\"elementor-shape elementor-shape-top\" aria-hidden=\"true\" data-negative=\"false\">\n\t\t\t<svg xmlns=\"http:\/\/www.w3.org\/2000\/svg\" viewBox=\"0 0 1000 20\" preserveAspectRatio=\"none\">\n\t<path class=\"elementor-shape-fill\" d=\"M0,0v3c0,0,393.8,0,483.4,0c9.2,0,16.6,7.4,16.6,16.6c0-9.1,7.4-16.6,16.6-16.6C606.2,3,1000,3,1000,3V0H0z\"\/>\n<\/svg>\t\t<\/div>\n\t\t<div class=\"elementor-element elementor-element-134755a e-con-full e-flex e-con e-child\" data-id=\"134755a\" data-element_type=\"container\">\n\t\t\t\t<div class=\"aux-scroll-anim elementor-element elementor-element-09f89c9 elementor-widget elementor-widget-image\" data-move-in=\"moveHorizontal\" data-move-out=\"\" data-axis-x=\"300\" data-axis-y=\"200\" data-rotate=\"90\" data-scale=\"1.2\" data-vp-top=\"0.5\" data-vp-bot=\"0.5\" data-el-top=\"0.2\" data-scroll-animation-off=\"0\" data-id=\"09f89c9\" data-element_type=\"widget\" data-widget_type=\"image.default\">\n\t\t\t\t<div class=\"elementor-widget-container\">\n\t\t\t\t\t\t\t\t\t\t\t\t\t\t\t<img loading=\"lazy\" decoding=\"async\" width=\"98\" height=\"99\" src=\"https:\/\/crhi.com.br\/wp-content\/uploads\/2022\/09\/design.svg\" class=\"attachment-large size-large wp-image-76\" alt=\"\" \/>\t\t\t\t\t\t\t\t\t\t\t\t\t\t\t<\/div>\n\t\t\t\t<\/div>\n\t\t\t\t<\/div>\n\t\t<div class=\"elementor-element elementor-element-c22377b e-con-full e-flex e-con e-child\" data-id=\"c22377b\" data-element_type=\"container\">\n\t\t\t\t<div class=\"elementor-element elementor-element-3afd0be aux-appear-watch-animation aux-fade-in-custom elementor-widget elementor-widget-text-editor\" data-id=\"3afd0be\" data-element_type=\"widget\" data-widget_type=\"text-editor.default\">\n\t\t\t\t<div class=\"elementor-widget-container\">\n\t\t\t\t\t\t\t\t\t<p><strong>Vis\u00e3o:<\/strong> Ser refer\u00eancia em consultoria de Recursos Humanos integrada e humanizada, reconhecida por transformar culturas organizacionais, fortalecer neg\u00f3cios com \u00e9tica e inova\u00e7\u00e3o, e valorizar as pessoas como o centro de toda estrat\u00e9gia. Queremos inspirar outros profissionais a liderarem organiza\u00e7\u00f5es mais inclusivas, conscientes e sustent\u00e1veis<\/p>\t\t\t\t\t\t\t\t<\/div>\n\t\t\t\t<\/div>\n\t\t\t\t<div class=\"elementor-element elementor-element-3b86aeb aux-appear-watch-animation aux-fade-in-custom elementor-widget elementor-widget-heading\" data-id=\"3b86aeb\" data-element_type=\"widget\" data-widget_type=\"heading.default\">\n\t\t\t\t<div class=\"elementor-widget-container\">\n\t\t\t\t\t<h2 class=\"elementor-heading-title elementor-size-default\">Vis\u00e3o<\/h2>\t\t\t\t<\/div>\n\t\t\t\t<\/div>\n\t\t\t\t<\/div>\n\t\t\t\t\t<\/div>\n\t\t\t\t<\/div>\n\t\t<div class=\"aux-parallax-section elementor-element elementor-element-5ad361a e-flex e-con-boxed e-con e-parent\" data-id=\"5ad361a\" data-element_type=\"container\" data-settings=\"{&quot;background_background&quot;:&quot;classic&quot;,&quot;shape_divider_top&quot;:&quot;split&quot;}\">\n\t\t\t\t\t<div class=\"e-con-inner\">\n\t\t\t\t<div class=\"elementor-shape elementor-shape-top\" aria-hidden=\"true\" data-negative=\"false\">\n\t\t\t<svg xmlns=\"http:\/\/www.w3.org\/2000\/svg\" viewBox=\"0 0 1000 20\" preserveAspectRatio=\"none\">\n\t<path class=\"elementor-shape-fill\" d=\"M0,0v3c0,0,393.8,0,483.4,0c9.2,0,16.6,7.4,16.6,16.6c0-9.1,7.4-16.6,16.6-16.6C606.2,3,1000,3,1000,3V0H0z\"\/>\n<\/svg>\t\t<\/div>\n\t\t<div class=\"elementor-element elementor-element-057632f e-con-full e-flex e-con e-child\" data-id=\"057632f\" data-element_type=\"container\">\n\t\t\t\t<div class=\"aux-scroll-anim elementor-element elementor-element-9673039 elementor-widget elementor-widget-image\" data-move-in=\"moveHorizontal\" data-move-out=\"\" data-axis-x=\"300\" data-axis-y=\"200\" data-rotate=\"90\" data-scale=\"1.2\" data-vp-top=\"0.5\" data-vp-bot=\"0.5\" data-el-top=\"0.2\" data-scroll-animation-off=\"0\" data-id=\"9673039\" data-element_type=\"widget\" data-widget_type=\"image.default\">\n\t\t\t\t<div class=\"elementor-widget-container\">\n\t\t\t\t\t\t\t\t\t\t\t\t\t\t\t<img loading=\"lazy\" decoding=\"async\" width=\"98\" height=\"99\" src=\"https:\/\/crhi.com.br\/wp-content\/uploads\/2022\/10\/logo.svg\" class=\"attachment-large size-large wp-image-59\" alt=\"\" \/>\t\t\t\t\t\t\t\t\t\t\t\t\t\t\t<\/div>\n\t\t\t\t<\/div>\n\t\t\t\t<\/div>\n\t\t<div class=\"elementor-element elementor-element-de400c9 e-con-full e-flex e-con e-child\" data-id=\"de400c9\" data-element_type=\"container\">\n\t\t\t\t<div class=\"elementor-element elementor-element-5699283 aux-appear-watch-animation aux-fade-in-custom elementor-widget elementor-widget-text-editor\" data-id=\"5699283\" data-element_type=\"widget\" data-widget_type=\"text-editor.default\">\n\t\t\t\t<div class=\"elementor-widget-container\">\n\t\t\t\t\t\t\t\t\t<ul><li><p class=\"ds-markdown-paragraph\"><strong>\u00c9tica e Integridade:<\/strong>\u00a0Vai al\u00e9m da lei, sendo o alicerce da\u00a0<strong>confian\u00e7a<\/strong>\u00a0e da solidez da empresa, essencial para resultados duradouros. Pratica-se com\u00a0<strong>honestidade, transpar\u00eancia e justi\u00e7a<\/strong>.<\/p><\/li><li><p class=\"ds-markdown-paragraph\"><strong>Excel\u00eancia T\u00e9cnica:<\/strong>\u00a0\u00c9 um compromisso cont\u00ednuo com a qualidade, exigindo\u00a0<strong>investimento constante em pessoas e processos<\/strong>\u00a0para entregar servi\u00e7os que superem expectativas com\u00a0<strong>seguran\u00e7a e efici\u00eancia<\/strong>.<\/p><\/li><li><p class=\"ds-markdown-paragraph\"><strong>Inclus\u00e3o e Diversidade:<\/strong>\u00a0Valorizar diferentes perspectivas \u00e9 uma\u00a0<strong>estrat\u00e9gia inteligente<\/strong>\u00a0que impulsiona a\u00a0<strong>criatividade<\/strong>, melhora as decis\u00f5es e nos conecta com a sociedade.<\/p><\/li><li><p class=\"ds-markdown-paragraph\"><strong>Inova\u00e7\u00e3o com Prop\u00f3sito:<\/strong>\u00a0Buscamos melhorias com\u00a0<strong>objetivo claro<\/strong>, focadas em\u00a0<strong>resolver problemas reais<\/strong>\u00a0dos clientes e gerar impacto positivo, n\u00e3o em mudan\u00e7as sem sentido.<\/p><\/li><\/ul>\t\t\t\t\t\t\t\t<\/div>\n\t\t\t\t<\/div>\n\t\t\t\t<div class=\"elementor-element elementor-element-2fc60f8 aux-appear-watch-animation aux-fade-in-custom elementor-widget elementor-widget-heading\" data-id=\"2fc60f8\" data-element_type=\"widget\" data-widget_type=\"heading.default\">\n\t\t\t\t<div class=\"elementor-widget-container\">\n\t\t\t\t\t<h2 class=\"elementor-heading-title elementor-size-default\">Valores<\/h2>\t\t\t\t<\/div>\n\t\t\t\t<\/div>\n\t\t\t\t<\/div>\n\t\t\t\t\t<\/div>\n\t\t\t\t<\/div>\n\t\t\t\t<\/div>\n\t\t","protected":false},"excerpt":{"rendered":"<p>Prop\u00f3sito, Vis\u00e3o e Valores Criando ambientes saud\u00e1veis onde pessoas crescem e organiza\u00e7\u00f5es prosperam. Promover solu\u00e7\u00f5es de Recursos Humanos integradas, \u00e9ticas e humanizadas, apoiando empresas e pessoas em seu crescimento sustent\u00e1vel. Como duas mulheres e m\u00e3es que acreditam na for\u00e7a das rela\u00e7\u00f5es, entregamos servi\u00e7os que combinam t\u00e9cnica, sensibilidade e responsabilidade, construindo ambientes de trabalho mais justos, [&hellip;]<\/p>\n","protected":false},"author":1,"featured_media":0,"parent":0,"menu_order":0,"comment_status":"closed","ping_status":"closed","template":"templates\/page-builder-content.php","meta":{"_joinchat":[],"footnotes":""},"class_list":["post-94","page","type-page","status-publish","hentry"],"_links":{"self":[{"href":"https:\/\/crhi.com.br\/index.php\/wp-json\/wp\/v2\/pages\/94","targetHints":{"allow":["GET"]}}],"collection":[{"href":"https:\/\/crhi.com.br\/index.php\/wp-json\/wp\/v2\/pages"}],"about":[{"href":"https:\/\/crhi.com.br\/index.php\/wp-json\/wp\/v2\/types\/page"}],"author":[{"embeddable":true,"href":"https:\/\/crhi.com.br\/index.php\/wp-json\/wp\/v2\/users\/1"}],"replies":[{"embeddable":true,"href":"https:\/\/crhi.com.br\/index.php\/wp-json\/wp\/v2\/comments?post=94"}],"version-history":[{"count":82,"href":"https:\/\/crhi.com.br\/index.php\/wp-json\/wp\/v2\/pages\/94\/revisions"}],"predecessor-version":[{"id":996,"href":"https:\/\/crhi.com.br\/index.php\/wp-json\/wp\/v2\/pages\/94\/revisions\/996"}],"wp:attachment":[{"href":"https:\/\/crhi.com.br\/index.php\/wp-json\/wp\/v2\/media?parent=94"}],"curies":[{"name":"wp","href":"https:\/\/api.w.org\/{rel}","templated":true}]}}